{"id":450,"date":"2021-09-05T12:46:54","date_gmt":"2021-09-05T12:46:54","guid":{"rendered":"https:\/\/thorsten-rottmann.de\/?page_id=450"},"modified":"2021-11-29T16:22:25","modified_gmt":"2021-11-29T16:22:25","slug":"news","status":"publish","type":"page","link":"https:\/\/thorsten-rottmann.de\/?page_id=450","title":{"rendered":"Blog"},"content":{"rendered":"\n<p class=\"has-text-align-center\" style=\"font-size:20px\">November 2021: <\/p>\n\n\n\n<p class=\"has-text-align-center\" style=\"font-size:15px\">Anfang des n\u00e4chsten Jahres wird die <em>Einfach Reisen<\/em> &#8211; Reihe mit einem neuen Band fortgesetzt! Neugierig geworden &#8230;? Dann melden Sie sich einfach zu unserem Newsletter an! Hier gibt es neben aktuellen  Neuigkeiten auch immer exklusive Berichte und Sonderaktionen nur f\u00fcr Abonnenten. <\/p>\n\n\n\n<p class=\"has-text-align-center\" style=\"font-size:15px\">Ich freue mich auf Sie &#8230;!<\/p>\n\n\n\n<div class=\"wp-block-buttons is-content-justification-center is-layout-flex wp-block-buttons-is-layout-flex\">\n<div class=\"wp-block-button has-custom-width wp-block-button__width-50 has-custom-font-size is-style-outline is-style-outline--1\" style=\"font-size:20px\"><a class=\"wp-block-button__link has-secondary-color has-text-color has-background\" href=\"https:\/\/t8c39abde.emailsys1a.net\/199\/4521\/4487002dba\/subscribe\/form.html?_g=1637851696\" style=\"background-color:#f6f1f1\" target=\"_blank\" rel=\"noreferrer noopener\">Zum Newsletter!<\/a><\/div>\n<\/div>\n\n\n\n<p class=\"has-text-align-center\" style=\"font-size:20px\">August 2021: <\/p>\n\n\n\n<p class=\"has-text-align-center\" style=\"font-size:15px\">Am n\u00e4chsten Morgen um sechs Uhr sollte es losgehen. Es zog uns von unserem Stellplatz in den Elbtalauen wieder in Richtung S\u00fcden. Wir wollten m\u00f6glichst fr\u00fch los, um schon am fr\u00fchen Nachmittag f\u00fcr einen Stopover in Franken anzukommen. Alles hatte schon am Abend vorher seinen Platz im Nexxo gefunden und war reisefertig verstaut, so auch die gesamte Fotoausr\u00fcstung. Als wir am Morgen schlaftrunken die Wohnmobilt\u00fcr \u00f6ffnen, erwartet uns dieser Sonnenaufgang, festgehalten mit einem kleinen iPhone &#8230; <em>Einfach Reisen<\/em>. Das gro\u00dfe Gl\u00fcck in kleinen Dingen.<\/p>\n\n\n\n<p class=\"has-text-align-center\" style=\"font-size:15px\">Mehr <em>Einfach Reisen<\/em> gibt es <a href=\"https:\/\/www.amazon.de\/Einfach-Reisen-Ihre-Freiheit-Gep\u00e4ck\/dp\/375430268X\/ref=rvi_2\/262-9557974-1650905?pd_rd_w=saHmw&amp;pf_rd_p=36a8a7d2-ec16-43ea-8af4-5f5bb96e3289&amp;pf_rd_r=RQHP8V20KCRD3AFMF8DF&amp;pd_rd_r=765d6902-f55d-418d-8164-d81a1ef8065a&amp;pd_rd_wg=mj8JW&amp;pd_rd_i=375430268X&amp;psc=1\" target=\"_blank\" rel=\"noreferrer noopener\">hier<\/a> &#8230; <\/p>\n\n\n\n<div class=\"wp-block-image\"><figure class=\"aligncenter size-large\"><img loading=\"lazy\" decoding=\"async\" width=\"1024\" height=\"540\" src=\"https:\/\/thorsten-rottmann.de\/wp-content\/uploads\/2021\/09\/Sonnenaufgang-Elbe-Kopie-1024x540.jpg\" alt=\"\" class=\"wp-image-462\" srcset=\"https:\/\/thorsten-rottmann.de\/wp-content\/uploads\/2021\/09\/Sonnenaufgang-Elbe-Kopie-1024x540.jpg 1024w, https:\/\/thorsten-rottmann.de\/wp-content\/uploads\/2021\/09\/Sonnenaufgang-Elbe-Kopie-300x158.jpg 300w, https:\/\/thorsten-rottmann.de\/wp-content\/uploads\/2021\/09\/Sonnenaufgang-Elbe-Kopie-768x405.jpg 768w, https:\/\/thorsten-rottmann.de\/wp-content\/uploads\/2021\/09\/Sonnenaufgang-Elbe-Kopie-1536x810.jpg 1536w, https:\/\/thorsten-rottmann.de\/wp-content\/uploads\/2021\/09\/Sonnenaufgang-Elbe-Kopie-2048x1080.jpg 2048w\" sizes=\"auto, (max-width: 1024px) 100vw, 1024px\" \/><\/figure><\/div>\n\n\n\n<div class=\"wp-block-image\"><figure class=\"aligncenter size-large\"><img loading=\"lazy\" decoding=\"async\" width=\"1024\" height=\"350\" src=\"https:\/\/thorsten-rottmann.de\/wp-content\/uploads\/2021\/09\/Elbfaehre-02-Kopie-1024x350.jpg\" alt=\"\" class=\"wp-image-464\" srcset=\"https:\/\/thorsten-rottmann.de\/wp-content\/uploads\/2021\/09\/Elbfaehre-02-Kopie-1024x350.jpg 1024w, https:\/\/thorsten-rottmann.de\/wp-content\/uploads\/2021\/09\/Elbfaehre-02-Kopie-300x103.jpg 300w, https:\/\/thorsten-rottmann.de\/wp-content\/uploads\/2021\/09\/Elbfaehre-02-Kopie-768x262.jpg 768w, https:\/\/thorsten-rottmann.de\/wp-content\/uploads\/2021\/09\/Elbfaehre-02-Kopie-1536x525.jpg 1536w, https:\/\/thorsten-rottmann.de\/wp-content\/uploads\/2021\/09\/Elbfaehre-02-Kopie-2048x700.jpg 2048w\" sizes=\"auto, (max-width: 1024px) 100vw, 1024px\" \/><\/figure><\/div>\n\n\n\n<p class=\"has-text-align-center\" style=\"font-size:20px\">Im Winterlager: <\/p>\n\n\n\n<div class=\"wp-block-image\"><figure class=\"aligncenter size-large is-resized\"><img loading=\"lazy\" decoding=\"async\" src=\"https:\/\/thorsten-rottmann.de\/wp-content\/uploads\/2021\/09\/Aufkleber-fuer-NEXXO-1024x929.jpg\" alt=\"\" class=\"wp-image-466\" width=\"398\" height=\"360\" srcset=\"https:\/\/thorsten-rottmann.de\/wp-content\/uploads\/2021\/09\/Aufkleber-fuer-NEXXO-1024x929.jpg 1024w, https:\/\/thorsten-rottmann.de\/wp-content\/uploads\/2021\/09\/Aufkleber-fuer-NEXXO-300x272.jpg 300w, https:\/\/thorsten-rottmann.de\/wp-content\/uploads\/2021\/09\/Aufkleber-fuer-NEXXO-768x697.jpg 768w, https:\/\/thorsten-rottmann.de\/wp-content\/uploads\/2021\/09\/Aufkleber-fuer-NEXXO-1536x1393.jpg 1536w, https:\/\/thorsten-rottmann.de\/wp-content\/uploads\/2021\/09\/Aufkleber-fuer-NEXXO-2048x1858.jpg 2048w\" sizes=\"auto, (max-width: 398px) 100vw, 398px\" \/><\/figure><\/div>\n","protected":false},"excerpt":{"rendered":"<p>November 2021: Anfang des n\u00e4chsten Jahres wird die Einfach Reisen &#8211; Reihe mit einem neuen Band fortgesetzt! Neugierig geworden &#8230;? Dann melden Sie sich einfach zu unserem Newsletter an! Hier gibt es neben aktuellen Neuigkeiten auch immer exklusive Berichte und Sonderaktionen nur f\u00fcr Abonnenten. Ich freue mich auf Sie &#8230;! August 2021: Am n\u00e4chsten Morgen [&hellip;]<\/p>\n","protected":false},"author":1,"featured_media":0,"parent":0,"menu_order":0,"comment_status":"closed","ping_status":"closed","template":"","meta":{"hide_page_title":"","footnotes":""},"class_list":["post-450","page","type-page","status-publish","hentry"],"_links":{"self":[{"href":"https:\/\/thorsten-rottmann.de\/index.php?rest_route=\/wp\/v2\/pages\/450","targetHints":{"allow":["GET"]}}],"collection":[{"href":"https:\/\/thorsten-rottmann.de\/index.php?rest_route=\/wp\/v2\/pages"}],"about":[{"href":"https:\/\/thorsten-rottmann.de\/index.php?rest_route=\/wp\/v2\/types\/page"}],"author":[{"embeddable":true,"href":"https:\/\/thorsten-rottmann.de\/index.php?rest_route=\/wp\/v2\/users\/1"}],"replies":[{"embeddable":true,"href":"https:\/\/thorsten-rottmann.de\/index.php?rest_route=%2Fwp%2Fv2%2Fcomments&post=450"}],"version-history":[{"count":19,"href":"https:\/\/thorsten-rottmann.de\/index.php?rest_route=\/wp\/v2\/pages\/450\/revisions"}],"predecessor-version":[{"id":500,"href":"https:\/\/thorsten-rottmann.de\/index.php?rest_route=\/wp\/v2\/pages\/450\/revisions\/500"}],"wp:attachment":[{"href":"https:\/\/thorsten-rottmann.de\/index.php?rest_route=%2Fwp%2Fv2%2Fmedia&parent=450"}],"curies":[{"name":"wp","href":"https:\/\/api.w.org\/{rel}","templated":true}]}}