{"id":236,"date":"2021-04-27T17:43:37","date_gmt":"2021-04-27T17:43:37","guid":{"rendered":"https:\/\/thorsten-rottmann.de\/?page_id=236"},"modified":"2021-09-06T15:28:50","modified_gmt":"2021-09-06T15:28:50","slug":"persoenlich","status":"publish","type":"page","link":"https:\/\/thorsten-rottmann.de\/?page_id=236","title":{"rendered":"Coaching"},"content":{"rendered":"\n<p class=\"has-text-align-center\" style=\"font-size:18px\">Treffen Sie mich live und pers\u00f6nlich! Lernen Sie mich kennen und buchen Sie Ihr ganz individuelles Coaching mit mir! Ich helfe Ihnen nicht nur bei Ihren ersten Schritten ins mobile Leben, sondern stehe Ihnen auch bei allen anderen Fragen rund um Wohnmobile und Roadtrips mit meiner Erfahrung zur Seite.<\/p>\n\n\n\n<p class=\"has-text-align-center\" style=\"font-size:18px\">Aber auch f\u00fcr andere Veranstaltungsformate komme ich gerne zu Ihnen, sei es eine Wohnzimmerlesung, ein Vortrag, eine lockere Gespr\u00e4chsrunde oder eine bunte Mischung aus allem! M\u00f6gliche Themen:<\/p>\n\n\n\n<p class=\"has-text-align-center\" style=\"font-size:23px\"><em>Wohnmobil f\u00fcr Einsteiger<\/em><\/p>\n\n\n\n<p class=\"has-text-align-center\" style=\"font-size:23px\"><em>Ihr kurzer Weg zum ersten Roadtrip<\/em><\/p>\n\n\n\n<p class=\"has-text-align-center\" style=\"font-size:23px\"><em>&#8222;Einfach Reisen&#8220;<\/em><\/p>\n\n\n\n<p class=\"has-text-align-center\" style=\"font-size:23px\"><em>Mobiles Leben<\/em><\/p>\n\n\n\n<p class=\"has-text-align-center\" style=\"font-size:23px\"><em>Ausr\u00fcstung<\/em><\/p>\n\n\n\n<p class=\"has-text-align-center\" style=\"font-size:23px\"><em>Reiseplanung<\/em> \/ <em>Reiseziele<\/em><\/p>\n\n\n\n<p class=\"has-text-align-center\" style=\"font-size:18px\">Nat\u00fcrlich sind auch andere Themen m\u00f6glich! Sprechen Sie mich einfach an!<\/p>\n\n\n\n<p class=\"has-text-align-center\" style=\"font-size:18px\">Den Veranstaltungsort legen wir gemeinsam fest: auf Ihrer Terrasse, in Ihrem Wohnzimmer, in der Halle, auf dem Stellplatz &#8230; alles ist denkbar! <\/p>\n\n\n\n<p class=\"has-text-align-center\" style=\"font-size:18px\">Sie sind an einer Buchung interessiert? Z\u00f6gern Sie nicht und nehmen Sie gerne Kontakt zu mir auf. Ich freue mich auf Sie &#8230;<\/p>\n\n\n\n<p class=\"has-text-align-center\"><a href=\"mailto:kontakt@thorsten-rottmann.de\">kontakt@thorsten-rottmann.de<\/a><\/p>\n","protected":false},"excerpt":{"rendered":"<p>Treffen Sie mich live und pers\u00f6nlich! Lernen Sie mich kennen und buchen Sie Ihr ganz individuelles Coaching mit mir! Ich helfe Ihnen nicht nur bei Ihren ersten Schritten ins mobile Leben, sondern stehe Ihnen auch bei allen anderen Fragen rund um Wohnmobile und Roadtrips mit meiner Erfahrung zur Seite. Aber auch f\u00fcr andere Veranstaltungsformate komme [&hellip;]<\/p>\n","protected":false},"author":1,"featured_media":0,"parent":0,"menu_order":0,"comment_status":"closed","ping_status":"closed","template":"","meta":{"hide_page_title":"","footnotes":""},"class_list":["post-236","page","type-page","status-publish","hentry"],"_links":{"self":[{"href":"https:\/\/thorsten-rottmann.de\/index.php?rest_route=\/wp\/v2\/pages\/236","targetHints":{"allow":["GET"]}}],"collection":[{"href":"https:\/\/thorsten-rottmann.de\/index.php?rest_route=\/wp\/v2\/pages"}],"about":[{"href":"https:\/\/thorsten-rottmann.de\/index.php?rest_route=\/wp\/v2\/types\/page"}],"author":[{"embeddable":true,"href":"https:\/\/thorsten-rottmann.de\/index.php?rest_route=\/wp\/v2\/users\/1"}],"replies":[{"embeddable":true,"href":"https:\/\/thorsten-rottmann.de\/index.php?rest_route=%2Fwp%2Fv2%2Fcomments&post=236"}],"version-history":[{"count":28,"href":"https:\/\/thorsten-rottmann.de\/index.php?rest_route=\/wp\/v2\/pages\/236\/revisions"}],"predecessor-version":[{"id":473,"href":"https:\/\/thorsten-rottmann.de\/index.php?rest_route=\/wp\/v2\/pages\/236\/revisions\/473"}],"wp:attachment":[{"href":"https:\/\/thorsten-rottmann.de\/index.php?rest_route=%2Fwp%2Fv2%2Fmedia&parent=236"}],"curies":[{"name":"wp","href":"https:\/\/api.w.org\/{rel}","templated":true}]}}