{"id":23,"date":"2020-06-19T12:07:20","date_gmt":"2020-06-19T12:07:20","guid":{"rendered":"http:\/\/thorsten-rottmann.de\/?page_id=23"},"modified":"2021-09-05T12:55:51","modified_gmt":"2021-09-05T12:55:51","slug":"moin-und-herzlich-willkommen-3","status":"publish","type":"page","link":"https:\/\/thorsten-rottmann.de\/","title":{"rendered":""},"content":{"rendered":"\n<h2 class=\"has-text-align-center wp-block-heading\">Moin und Herzlich Willkommen!<\/h2>\n\n\n\n<p class=\"has-text-align-center\" style=\"font-size:25px\">Hier erfahren Sie alles \u00fcber meine Buch- und Reiseprojekte rund um das Konzept von<\/p>\n\n\n\n<div class=\"wp-block-image\"><figure class=\"aligncenter size-medium is-resized\"><img loading=\"lazy\" decoding=\"async\" src=\"https:\/\/thorsten-rottmann.de\/wp-content\/uploads\/2021\/03\/Einfach-Reisen-Logo_schwarz-ohne-adresse-Kopie-300x300.png\" alt=\"\" class=\"wp-image-209\" width=\"420\" height=\"420\" srcset=\"https:\/\/thorsten-rottmann.de\/wp-content\/uploads\/2021\/03\/Einfach-Reisen-Logo_schwarz-ohne-adresse-Kopie-300x300.png 300w, https:\/\/thorsten-rottmann.de\/wp-content\/uploads\/2021\/03\/Einfach-Reisen-Logo_schwarz-ohne-adresse-Kopie-1024x1024.png 1024w, https:\/\/thorsten-rottmann.de\/wp-content\/uploads\/2021\/03\/Einfach-Reisen-Logo_schwarz-ohne-adresse-Kopie-150x150.png 150w, https:\/\/thorsten-rottmann.de\/wp-content\/uploads\/2021\/03\/Einfach-Reisen-Logo_schwarz-ohne-adresse-Kopie-768x768.png 768w, https:\/\/thorsten-rottmann.de\/wp-content\/uploads\/2021\/03\/Einfach-Reisen-Logo_schwarz-ohne-adresse-Kopie-1536x1536.png 1536w, https:\/\/thorsten-rottmann.de\/wp-content\/uploads\/2021\/03\/Einfach-Reisen-Logo_schwarz-ohne-adresse-Kopie-2048x2048.png 2048w\" sizes=\"auto, (max-width: 420px) 100vw, 420px\" \/><\/figure><\/div>\n\n\n\n<div class=\"wp-block-columns is-layout-flex wp-container-core-columns-is-layout-9d6595d7 wp-block-columns-is-layout-flex\">\n<div class=\"wp-block-column is-layout-flow wp-block-column-is-layout-flow\" style=\"flex-basis:100%\">\n<div class=\"wp-block-group\"><div class=\"wp-block-group__inner-container is-layout-flow wp-block-group-is-layout-flow\">\n<div class=\"wp-block-columns is-layout-flex wp-container-core-columns-is-layout-9d6595d7 wp-block-columns-is-layout-flex\">\n<div class=\"wp-block-column is-layout-flow wp-block-column-is-layout-flow\" style=\"flex-basis:100%\">\n<div class=\"wp-block-group\"><div class=\"wp-block-group__inner-container is-layout-flow wp-block-group-is-layout-flow\">\n<p class=\"has-text-align-center\" style=\"font-size:25px\">Aktuell in der Buchreihe erschienen:<\/p>\n\n\n\n<p class=\"has-text-align-center\" style=\"font-size:14px\">Band 1: Ihre Freiheit im Gep\u00e4ck<\/p>\n\n\n\n<div class=\"wp-block-image\"><figure class=\"aligncenter size-medium\"><img loading=\"lazy\" decoding=\"async\" width=\"232\" height=\"300\" src=\"https:\/\/thorsten-rottmann.de\/wp-content\/uploads\/2021\/04\/Einfach-Reisen-Cover-232x300.jpg\" alt=\"\" class=\"wp-image-240\" srcset=\"https:\/\/thorsten-rottmann.de\/wp-content\/uploads\/2021\/04\/Einfach-Reisen-Cover-232x300.jpg 232w, https:\/\/thorsten-rottmann.de\/wp-content\/uploads\/2021\/04\/Einfach-Reisen-Cover-791x1024.jpg 791w, https:\/\/thorsten-rottmann.de\/wp-content\/uploads\/2021\/04\/Einfach-Reisen-Cover-768x994.jpg 768w, https:\/\/thorsten-rottmann.de\/wp-content\/uploads\/2021\/04\/Einfach-Reisen-Cover-1187x1536.jpg 1187w, https:\/\/thorsten-rottmann.de\/wp-content\/uploads\/2021\/04\/Einfach-Reisen-Cover-1583x2048.jpg 1583w, https:\/\/thorsten-rottmann.de\/wp-content\/uploads\/2021\/04\/Einfach-Reisen-Cover-scaled.jpg 1979w\" sizes=\"auto, (max-width: 232px) 100vw, 232px\" \/><\/figure><\/div>\n<\/div><\/div>\n\n\n\n<p class=\"has-text-align-center\" style=\"font-size:14px\">ISBN: 978-3-754302682<\/p>\n\n\n\n<p class=\"has-text-align-center\" style=\"font-size:14px\"><em>Einfach Reisen<\/em> macht gl\u00fccklich: Einfach losfahren und nur das mitnehmen, was man braucht. Die Magie der vielen kleinen Momente und Dinge um uns herum wartet auf Sie. Freiheit und Leichtigkeit pur, dabei zu 100% alltagstauglich! Roadtrips voller faszinierender Eindr\u00fccke, \u00fcberraschender Begegnungen und fesselnder Momente. Sie sind das Herzst\u00fcck von <em>Einfach Reisen<\/em>. Kleine Gl\u00fccksmomente.<\/p>\n\n\n\n<p class=\"has-text-align-center\" style=\"font-size:14px\">Dieses Buch veranschaulicht Ihnen einen bew\u00e4hrten und praxisorientierten Weg zum <em>Einfach Reisen<\/em>. Ein \u00dcberblick g\u00e4ngiger Reisemobiltypen, ein Glossar wichtiger Begriffe, eine Vielzahl pers\u00f6nlicher Anregungen f\u00fcr die Ausr\u00fcstung eines Wohnmobils und goldene Tipps f\u00fcr autarke und nachhaltige Roadtrips bringen <em>Einfach Reisen<\/em> auf den Punkt. Sie werden es lieben.<\/p>\n\n\n\n<div data-mode=\"normal\" data-oembed=\"1\" data-provider=\"youtube\" id=\"arve-youtube-jx-anu5qivg\" class=\"arve\" class=\"wp-block-nextgenthemes-arve-block\">\n\t<div class=\"arve-inner\">\n\t\t<div style=\"aspect-ratio:660\/371\" class=\"arve-embed arve-embed--has-aspect-ratio\">\n\t\t\t<div class=\"arve-ar\" style=\"padding-top:56.212121%\"><\/div>\n\t\t\t<iframe allow=\"accelerometer &apos;none&apos;;autoplay &apos;none&apos;;bluetooth &apos;none&apos;;browsing-topics &apos;none&apos;;camera &apos;none&apos;;clipboard-read &apos;none&apos;;clipboard-write;display-capture &apos;none&apos;;encrypted-media &apos;none&apos;;gamepad &apos;none&apos;;geolocation &apos;none&apos;;gyroscope &apos;none&apos;;hid &apos;none&apos;;identity-credentials-get &apos;none&apos;;idle-detection &apos;none&apos;;keyboard-map &apos;none&apos;;local-fonts;magnetometer &apos;none&apos;;microphone &apos;none&apos;;midi &apos;none&apos;;otp-credentials &apos;none&apos;;payment &apos;none&apos;;picture-in-picture;publickey-credentials-create &apos;none&apos;;publickey-credentials-get &apos;none&apos;;screen-wake-lock &apos;none&apos;;serial &apos;none&apos;;summarizer &apos;none&apos;;sync-xhr;usb &apos;none&apos;;web-share;window-management &apos;none&apos;;xr-spatial-tracking &apos;none&apos;;\" allowfullscreen=\"\" class=\"arve-iframe fitvidsignore\" credentialless data-arve=\"arve-youtube-jx-anu5qivg\" data-lenis-prevent=\"\" data-src-no-ap=\"https:\/\/www.youtube-nocookie.com\/embed\/jX-anU5QIVg?feature=oembed&amp;iv_load_policy=3&amp;modestbranding=1&amp;rel=0&amp;autohide=1&amp;playsinline=0&amp;autoplay=0\" frameborder=\"0\" height=\"0\" loading=\"lazy\" name=\"\" referrerpolicy=\"strict-origin-when-cross-origin\" sandbox=\"allow-scripts allow-same-origin allow-presentation allow-popups allow-popups-to-escape-sandbox\" scrolling=\"no\" src=\"https:\/\/www.youtube-nocookie.com\/embed\/jX-anU5QIVg?feature=oembed&#038;iv_load_policy=3&#038;modestbranding=1&#038;rel=0&#038;autohide=1&#038;playsinline=0&#038;autoplay=0\" title=\"\" width=\"0\"><\/iframe>\n\t\t\t\n\t\t<\/div>\n\t\t\n\t<\/div>\n\t\n\t\n\t<script type=\"application\/ld+json\">{\"@context\":\"http:\\\/\\\/schema.org\\\/\",\"@id\":\"https:\\\/\\\/thorsten-rottmann.de\\\/#arve-youtube-jx-anu5qivg\",\"type\":\"VideoObject\",\"embedURL\":\"https:\\\/\\\/www.youtube-nocookie.com\\\/embed\\\/jX-anU5QIVg?feature=oembed&iv_load_policy=3&modestbranding=1&rel=0&autohide=1&playsinline=0&autoplay=0\"}<\/script>\n\t\n<\/div>\n\n\n<p class=\"has-text-align-center has-large-font-size\"><a href=\"https:\/\/www.amazon.de\/Einfach-Reisen-Ihre-Freiheit-Gep\u00e4ck\/dp\/375430268X\/ref=pd_rhf_gw_p_img_2?_encoding=UTF8&amp;psc=1&amp;refRID=GH9CN7AYCEMAPZ520J2B\">Hier bestellen!<\/a><\/p>\n\n\n\n<iframe loading=\"lazy\" src=\"https:\/\/t8c39abde.emailsys1c.net\/199\/4521\/87b90ec1cf\/subscribe\/form.html?_g=1624372563\" frameborder=\"0\" width=\"100%\" height=\"550\"><\/iframe>\n<\/div>\n<\/div>\n<\/div><\/div>\n<\/div>\n<\/div>\n\n\n\n<div class=\"wp-block-group\"><div class=\"wp-block-group__inner-container is-layout-flow wp-block-group-is-layout-flow\">\n<div class=\"wp-block-group\"><div class=\"wp-block-group__inner-container is-layout-flow wp-block-group-is-layout-flow\"><\/div><\/div>\n<\/div><\/div>\n\n\n\n<p class=\"has-text-align-center has-secondary-color has-text-color\" style=\"font-size:11px\"><\/p>\n","protected":false},"excerpt":{"rendered":"<p>Moin und Herzlich Willkommen! Hier erfahren Sie alles \u00fcber meine Buch- und Reiseprojekte rund um das Konzept von Aktuell in der Buchreihe erschienen: Band 1: Ihre Freiheit im Gep\u00e4ck ISBN: 978-3-754302682 Einfach Reisen macht gl\u00fccklich: Einfach losfahren und nur das mitnehmen, was man braucht. Die Magie der vielen kleinen Momente und Dinge um uns herum [&hellip;]<\/p>\n","protected":false},"author":1,"featured_media":0,"parent":0,"menu_order":0,"comment_status":"closed","ping_status":"closed","template":"","meta":{"hide_page_title":"","footnotes":""},"class_list":["post-23","page","type-page","status-publish","hentry"],"_links":{"self":[{"href":"https:\/\/thorsten-rottmann.de\/index.php?rest_route=\/wp\/v2\/pages\/23","targetHints":{"allow":["GET"]}}],"collection":[{"href":"https:\/\/thorsten-rottmann.de\/index.php?rest_route=\/wp\/v2\/pages"}],"about":[{"href":"https:\/\/thorsten-rottmann.de\/index.php?rest_route=\/wp\/v2\/types\/page"}],"author":[{"embeddable":true,"href":"https:\/\/thorsten-rottmann.de\/index.php?rest_route=\/wp\/v2\/users\/1"}],"replies":[{"embeddable":true,"href":"https:\/\/thorsten-rottmann.de\/index.php?rest_route=%2Fwp%2Fv2%2Fcomments&post=23"}],"version-history":[{"count":86,"href":"https:\/\/thorsten-rottmann.de\/index.php?rest_route=\/wp\/v2\/pages\/23\/revisions"}],"predecessor-version":[{"id":502,"href":"https:\/\/thorsten-rottmann.de\/index.php?rest_route=\/wp\/v2\/pages\/23\/revisions\/502"}],"wp:attachment":[{"href":"https:\/\/thorsten-rottmann.de\/index.php?rest_route=%2Fwp%2Fv2%2Fmedia&parent=23"}],"curies":[{"name":"wp","href":"https:\/\/api.w.org\/{rel}","templated":true}]}}