{"id":145,"date":"2020-07-17T09:18:31","date_gmt":"2020-07-17T09:18:31","guid":{"rendered":"http:\/\/thorsten-rottmann.de\/?page_id=145"},"modified":"2021-10-27T15:00:54","modified_gmt":"2021-10-27T15:00:54","slug":"buecher","status":"publish","type":"page","link":"https:\/\/thorsten-rottmann.de\/?page_id=145","title":{"rendered":"Shop"},"content":{"rendered":"\n<div data-mode=\"normal\" data-oembed=\"1\" data-provider=\"youtube\" id=\"arve-youtube-jx-anu5qivg\" class=\"arve\" class=\"wp-block-nextgenthemes-arve-block\">\n\t<div class=\"arve-inner\">\n\t\t<div style=\"aspect-ratio:660\/371\" class=\"arve-embed arve-embed--has-aspect-ratio\">\n\t\t\t<div class=\"arve-ar\" style=\"padding-top:56.212121%\"><\/div>\n\t\t\t<iframe allow=\"accelerometer &apos;none&apos;;autoplay &apos;none&apos;;bluetooth &apos;none&apos;;browsing-topics &apos;none&apos;;camera &apos;none&apos;;clipboard-read &apos;none&apos;;clipboard-write;display-capture &apos;none&apos;;encrypted-media &apos;none&apos;;gamepad &apos;none&apos;;geolocation &apos;none&apos;;gyroscope &apos;none&apos;;hid &apos;none&apos;;identity-credentials-get &apos;none&apos;;idle-detection &apos;none&apos;;keyboard-map &apos;none&apos;;local-fonts;magnetometer &apos;none&apos;;microphone &apos;none&apos;;midi &apos;none&apos;;otp-credentials &apos;none&apos;;payment &apos;none&apos;;picture-in-picture;publickey-credentials-create &apos;none&apos;;publickey-credentials-get &apos;none&apos;;screen-wake-lock &apos;none&apos;;serial &apos;none&apos;;summarizer &apos;none&apos;;sync-xhr;usb &apos;none&apos;;web-share;window-management &apos;none&apos;;xr-spatial-tracking &apos;none&apos;;\" allowfullscreen=\"\" class=\"arve-iframe fitvidsignore\" credentialless data-arve=\"arve-youtube-jx-anu5qivg\" data-lenis-prevent=\"\" data-src-no-ap=\"https:\/\/www.youtube-nocookie.com\/embed\/jX-anU5QIVg?feature=oembed&amp;iv_load_policy=3&amp;modestbranding=1&amp;rel=0&amp;autohide=1&amp;playsinline=0&amp;autoplay=0\" frameborder=\"0\" height=\"0\" loading=\"lazy\" name=\"\" referrerpolicy=\"strict-origin-when-cross-origin\" sandbox=\"allow-scripts allow-same-origin allow-presentation allow-popups allow-popups-to-escape-sandbox\" scrolling=\"no\" src=\"https:\/\/www.youtube-nocookie.com\/embed\/jX-anU5QIVg?feature=oembed&#038;iv_load_policy=3&#038;modestbranding=1&#038;rel=0&#038;autohide=1&#038;playsinline=0&#038;autoplay=0\" title=\"\" width=\"0\"><\/iframe>\n\t\t\t\n\t\t<\/div>\n\t\t\n\t<\/div>\n\t\n\t\n\t<script type=\"application\/ld+json\">{\"@context\":\"http:\\\/\\\/schema.org\\\/\",\"@id\":\"https:\\\/\\\/thorsten-rottmann.de\\\/?page_id=145#arve-youtube-jx-anu5qivg\",\"type\":\"VideoObject\",\"embedURL\":\"https:\\\/\\\/www.youtube-nocookie.com\\\/embed\\\/jX-anU5QIVg?feature=oembed&iv_load_policy=3&modestbranding=1&rel=0&autohide=1&playsinline=0&autoplay=0\"}<\/script>\n\t\n<\/div>\n\n\n<div class=\"wp-block-media-text alignwide is-stacked-on-mobile\" style=\"grid-template-columns:26% auto\"><figure class=\"wp-block-media-text__media\"><img loading=\"lazy\" decoding=\"async\" width=\"791\" height=\"1024\" src=\"https:\/\/thorsten-rottmann.de\/wp-content\/uploads\/2021\/06\/5D7702BCCB8B49F5A40A3720843240C3F3E9AC8D48EFF8B303C0736E0EA85265-1-791x1024.jpg\" alt=\"\" class=\"wp-image-304 size-full\" srcset=\"https:\/\/thorsten-rottmann.de\/wp-content\/uploads\/2021\/06\/5D7702BCCB8B49F5A40A3720843240C3F3E9AC8D48EFF8B303C0736E0EA85265-1-791x1024.jpg 791w, https:\/\/thorsten-rottmann.de\/wp-content\/uploads\/2021\/06\/5D7702BCCB8B49F5A40A3720843240C3F3E9AC8D48EFF8B303C0736E0EA85265-1-232x300.jpg 232w, https:\/\/thorsten-rottmann.de\/wp-content\/uploads\/2021\/06\/5D7702BCCB8B49F5A40A3720843240C3F3E9AC8D48EFF8B303C0736E0EA85265-1-768x994.jpg 768w, https:\/\/thorsten-rottmann.de\/wp-content\/uploads\/2021\/06\/5D7702BCCB8B49F5A40A3720843240C3F3E9AC8D48EFF8B303C0736E0EA85265-1-1187x1536.jpg 1187w, https:\/\/thorsten-rottmann.de\/wp-content\/uploads\/2021\/06\/5D7702BCCB8B49F5A40A3720843240C3F3E9AC8D48EFF8B303C0736E0EA85265-1-1583x2048.jpg 1583w, https:\/\/thorsten-rottmann.de\/wp-content\/uploads\/2021\/06\/5D7702BCCB8B49F5A40A3720843240C3F3E9AC8D48EFF8B303C0736E0EA85265-1-scaled.jpg 1979w\" sizes=\"auto, (max-width: 791px) 100vw, 791px\" \/><\/figure><div class=\"wp-block-media-text__content\">\n<p class=\"has-text-align-center\" style=\"font-size:14px\"><em>Einfach Reisen<\/em>&nbsp;macht gl\u00fccklich: Einfach losfahren und nur das mitnehmen, was man braucht. Die Magie der vielen kleinen Momente und Dinge um uns herum wartet auf Sie. Freiheit und Leichtigkeit pur, dabei zu 100% alltagstauglich! Roadtrips voller faszinierender Eindr\u00fccke, \u00fcberraschender Begegnungen und fesselnder Momente. Sie sind das Herzst\u00fcck von&nbsp;<em>Einfach Reisen<\/em>. Kleine Gl\u00fccksmomente.<\/p>\n\n\n\n<p class=\"has-text-align-center\" style=\"font-size:14px\">Dieses Buch veranschaulicht Ihnen einen bew\u00e4hrten und praxisorientierten Weg zum&nbsp;<em>Einfach Reisen<\/em>. Ein \u00dcberblick g\u00e4ngiger Reisemobiltypen, ein Glossar wichtiger Begriffe, eine Vielzahl pers\u00f6nlicher Anregungen f\u00fcr die Ausr\u00fcstung eines Wohnmobils und goldene Tipps f\u00fcr autarke und nachhaltige Roadtrips bringen&nbsp;<em>Einfach Reisen<\/em>&nbsp;auf den Punkt. Sie werden es lieben.<\/p>\n\n\n\n<p class=\"has-text-align-center\" style=\"font-size:14px\">ISBN 978-3-754302682<\/p>\n\n\n\n<p class=\"has-text-align-center\" style=\"font-size:14px\">21,90 \u20ac<\/p>\n\n\n\n<p class=\"has-text-align-center has-large-font-size\"><a href=\"https:\/\/www.amazon.de\/Einfach-Reisen-Ihre-Freiheit-Gep\u00e4ck\/dp\/375430268X\/ref=pd_rhf_gw_p_img_2?_encoding=UTF8&amp;psc=1&amp;refRID=GH9CN7AYCEMAPZ520J2B\" target=\"_blank\" rel=\"noreferrer noopener\">Jetzt bestellen!<\/a><\/p>\n<\/div><\/div>\n\n\n\n<p class=\"has-text-align-center\">Handsignierte B\u00fccher (auf Wunsch mit individueller Widmung) erhalten Sie gegen Vorkasse zzgl. 3,- \u20ac Versandkosten per Mail unter:<\/p>\n\n\n\n<p class=\"has-text-align-center\"><a href=\"mailto:kontakt@thorsten-rottmann.de\">kontakt@thorsten-rottmann.de<\/a><\/p>\n\n\n\n<p class=\"has-text-align-center\">Die Lieferzeit betr\u00e4gt ca. 14 Tage!<\/p>\n\n\n\n<p class=\"has-text-align-center\" style=\"font-size:22px\">Leserstimmen:<\/p>\n\n\n\n<p style=\"font-size:11px\">&#8222;<strong>Jetzt kann es losgehen<\/strong>: Wir haben uns erst vor Kurzem ein Wohnmobil zugelegt, deswegen hat mich Titel sehr angesprochen und nun, nachdem ich das Buch verschlungen habe, kann ich es kaum erwarten, selbst loszufahren. Durch die Erfahrungen des Autors f\u00fchle ich mich sehr gut vorbereitet und freue mich, mir von den Routen selbst ein Bild zu machen. Auch die Tipps, die er gibt, sind jetzt schon Gold wert. Sch\u00f6n illustriert ist das Ganze noch dazu &#8211; selbst beim Lesen schon eine kleine Reise.&#8220; (14. Juli 2021)<\/p>\n\n\n\n<p style=\"font-size:11px\">&#8222;<strong>Tolles Buch<\/strong>: Tolles Buch, genau die richtige Mischung aus kurzweiligen Reiseberichten und praktischen Tipps. \u00dcbersichtlich gestaltet und sehr sch\u00f6n illustriert. Die Anfangspannen des Autors machen mir Mut, mich auf dieses Abenteuer des einfachen Reisens einzulassen. Mein Bauchgef\u00fchl sagt \u201eJa\u201c, und ich werde mir im September zum ersten Mal ein Wohnmobil mieten.&#8220; (14. Juli 2021)<\/p>\n\n\n\n<p style=\"font-size:11px\">&#8222;<strong>Fernweh garantiert &#8230;<\/strong>: Ein sehr sch\u00f6nes Buch, wir haben es mit Begeisterung gelesen, Google Maps immer griffbereit, um die Reiserouten zu verfolgen! Ein erfrischender Schreibstil, klar, schn\u00f6rkellos, auf den Punkt gebracht. Losfahren, Stecker ziehen&#8230;&#8230; und dann ein &#8222;Treppenbier&#8220; mit Blick auf&#8217;s Meer!! Einfach reisen.&#8220; (27. Juli 2021)<\/p>\n\n\n\n<div class=\"wp-block-media-text alignwide is-stacked-on-mobile\" style=\"grid-template-columns:25% auto\"><figure class=\"wp-block-media-text__media\"><img loading=\"lazy\" decoding=\"async\" width=\"647\" height=\"1024\" src=\"https:\/\/thorsten-rottmann.de\/wp-content\/uploads\/2021\/06\/06A731D4E4526E5C235ED9A1FCE36C4F981E29A422F59E2AFC66EB4748ACFB6B-647x1024.jpg\" alt=\"\" class=\"wp-image-293 size-full\" srcset=\"https:\/\/thorsten-rottmann.de\/wp-content\/uploads\/2021\/06\/06A731D4E4526E5C235ED9A1FCE36C4F981E29A422F59E2AFC66EB4748ACFB6B-647x1024.jpg 647w, https:\/\/thorsten-rottmann.de\/wp-content\/uploads\/2021\/06\/06A731D4E4526E5C235ED9A1FCE36C4F981E29A422F59E2AFC66EB4748ACFB6B-189x300.jpg 189w, https:\/\/thorsten-rottmann.de\/wp-content\/uploads\/2021\/06\/06A731D4E4526E5C235ED9A1FCE36C4F981E29A422F59E2AFC66EB4748ACFB6B-768x1216.jpg 768w, https:\/\/thorsten-rottmann.de\/wp-content\/uploads\/2021\/06\/06A731D4E4526E5C235ED9A1FCE36C4F981E29A422F59E2AFC66EB4748ACFB6B-970x1536.jpg 970w, https:\/\/thorsten-rottmann.de\/wp-content\/uploads\/2021\/06\/06A731D4E4526E5C235ED9A1FCE36C4F981E29A422F59E2AFC66EB4748ACFB6B-1293x2048.jpg 1293w, https:\/\/thorsten-rottmann.de\/wp-content\/uploads\/2021\/06\/06A731D4E4526E5C235ED9A1FCE36C4F981E29A422F59E2AFC66EB4748ACFB6B.jpg 1417w\" sizes=\"auto, (max-width: 647px) 100vw, 647px\" \/><\/figure><div class=\"wp-block-media-text__content\">\n<p class=\"has-text-align-center\" style=\"font-size:14px\">Raus aus dem Alltag, raus aus dem \u00dcberfluss, raus aus dem Zeitdruck, rein ins mobile Leben &#8211; das ist heute der Wunsch vieler Menschen. Dieses kleine Reisebuch richtet sich nicht nur an Wohnmobilisten, sondern an alle, die von einem einfachen Leben tr\u00e4umen oder lediglich gerne unterwegs sind. Der Autor Thorsten Rottmann zeichnet in diesem Buch seinen Weg in ein reduziertes und entschleunigtes Leben nach, angereichert mit Betrachtungen rund um sein altes Reisemobil und das Leben darin.<\/p>\n\n\n\n<p class=\"has-text-align-center\" style=\"font-size:14px\">ISBN 978-3-750431775<\/p>\n\n\n\n<p class=\"has-text-align-center\" style=\"font-size:14px\">12,90 \u20ac<\/p>\n\n\n\n<p class=\"has-text-align-center has-large-font-size\"><a href=\"https:\/\/www.bod.de\/buchshop\/ruem-hart-klaar-kiming-thorsten-rottmann-9783750431775\" target=\"_blank\" rel=\"noreferrer noopener\">Jetzt bestellen!<\/a><\/p>\n<\/div><\/div>\n\n\n\n<p class=\"has-text-align-center\" style=\"font-size:22px\">Leserstimmen:<\/p>\n\n\n\n<p class=\"has-text-align-left\" style=\"font-size:11px\"><\/p>\n\n\n\n<p class=\"has-text-align-left\" style=\"font-size:11px\">&#8222;<strong><em>Gelungenes Buch:<\/em><\/strong> Der Titel sagt einem in Bayern erstmal gar nichts, aber dadurch beginnt es spannend. Der toll gestaltete Umschlag l\u00e4dt ein, das Buch in die Hand zu nehmen. Die Illustrationen passen perfekt zum Text. Es hat Spa\u00df gemacht, das Buch zu lesen, es ist sehr kurzweilig, aber auch lohnenswert, denn es regt an nachzudenken \u00fcbers Leben, \u00fcbers Reisen, \u00fcber die Zukunft, \u00fcber neue Ziele &#8230;&#8220; (1. Mai 2020)<\/p>\n\n\n\n<p class=\"has-text-align-left\" style=\"font-size:11px\"><\/p>\n\n\n\n<p class=\"has-text-align-left\" style=\"font-size:11px\">&#8222;<strong><em>\u00dcberraschend aktuell:<\/em><\/strong> Als ich dieses Buch erstmals aufschlug rechnete ich damit, blo\u00df einen einfachen Reisebericht vor mir zu haben. Interessant und lehrreich, aber nicht so tiefgr\u00fcndig. Schnell stellte ich aber fest, dass es sich hier um deutlich mehr handelte. Man merkt, dass der Autor ein sehr reflektierter Mensch ist, der gerne bereit ist, seine pers\u00f6nlichen Erfahrungen und Lebensanschauungen zu teilen. Dabei hat er aber nie die Absicht, seine Meinung anderen aufzuzwingen, sonder m\u00f6chte den Leser*die Leserin einfach nur dabei unterst\u00fctzen, sich ein eigenes Bild zu machen. Es handelt sich hier um ein interessantes und lesenswertes Buch, das es geschafft hat, mich zum Nachdenken anzuregen.&#8220; (4. April 2020)<\/p>\n\n\n\n<p class=\"has-text-align-left\" style=\"font-size:11px\">&#8222;<strong><em>Sch\u00f6nes Buch:<\/em><\/strong> Ich habe dieses Buch geschenkt bekommen! Es ist weitaus mehr als ein &#8222;normaler&#8220; Reisebericht! Thorsten Rottmann nimmt uns mit auf einen &#8222;Selbsterfahrungs-Trip&#8220;, philosophiert und l\u00e4sst den Leser an seinen Gedanken teilhaben. Es wirkt nie gek\u00fcnstelt, weil er aus seiner eigenen Erfahrung spricht. Eine Geschichte, die man einfach gerne liest! Und das Sch\u00f6ne dabei: Man f\u00e4ngt beim Lesen an, selber mal wieder nachzudenken, die Gedanken des Autors auf sich und sein eigenes Dasein zu projizieren. Und vielleicht auch mal die ein oder andere selbstkritische Frage an sich selbst zu richten&#8230;<br>Ein sehr sch\u00f6nes Buch! Mir hat es viel Spa\u00df gemacht, mich in die Gedanken des Autors hineinzuversetzen und nachzudenken! Man kann das Buch aber auch einfach nur so lesen und wird viel Spa\u00df dabei haben!&#8220; (24. April 2020)<\/p>\n\n\n\n<p class=\"has-text-align-center\" style=\"font-size:22px\">Hinweise:<\/p>\n\n\n\n<p class=\"has-text-align-center\" style=\"font-size:11px\">Journalisten erhalten kostenlose Rezensionsexemplare gegen Vorlage des Presseausweises unter: <\/p>\n\n\n\n<p class=\"has-text-align-center\" style=\"font-size:12px\"><a href=\"mailto:presse@bod.de\">presse@bod.de<\/a><\/p>\n\n\n\n<p class=\"has-text-align-center\" style=\"font-size:11px\">Kostenlose Leseexemplare f\u00fcr den Buchhandel k\u00f6nnen angefragt werden unter:<\/p>\n\n\n\n<p class=\"has-text-align-center\" style=\"font-size:12px\"><a href=\"mailto:buchhandel@bod.de\">buchhandel@bod.de<\/a><\/p>\n","protected":false},"excerpt":{"rendered":"<p>Einfach Reisen&nbsp;macht gl\u00fccklich: Einfach losfahren und nur das mitnehmen, was man braucht. Die Magie der vielen kleinen Momente und Dinge um uns herum wartet auf Sie. Freiheit und Leichtigkeit pur, dabei zu 100% alltagstauglich! Roadtrips voller faszinierender Eindr\u00fccke, \u00fcberraschender Begegnungen und fesselnder Momente. Sie sind das Herzst\u00fcck von&nbsp;Einfach Reisen. Kleine Gl\u00fccksmomente. Dieses Buch veranschaulicht Ihnen [&hellip;]<\/p>\n","protected":false},"author":1,"featured_media":0,"parent":0,"menu_order":0,"comment_status":"closed","ping_status":"closed","template":"","meta":{"hide_page_title":"","footnotes":""},"class_list":["post-145","page","type-page","status-publish","hentry"],"_links":{"self":[{"href":"https:\/\/thorsten-rottmann.de\/index.php?rest_route=\/wp\/v2\/pages\/145","targetHints":{"allow":["GET"]}}],"collection":[{"href":"https:\/\/thorsten-rottmann.de\/index.php?rest_route=\/wp\/v2\/pages"}],"about":[{"href":"https:\/\/thorsten-rottmann.de\/index.php?rest_route=\/wp\/v2\/types\/page"}],"author":[{"embeddable":true,"href":"https:\/\/thorsten-rottmann.de\/index.php?rest_route=\/wp\/v2\/users\/1"}],"replies":[{"embeddable":true,"href":"https:\/\/thorsten-rottmann.de\/index.php?rest_route=%2Fwp%2Fv2%2Fcomments&post=145"}],"version-history":[{"count":62,"href":"https:\/\/thorsten-rottmann.de\/index.php?rest_route=\/wp\/v2\/pages\/145\/revisions"}],"predecessor-version":[{"id":487,"href":"https:\/\/thorsten-rottmann.de\/index.php?rest_route=\/wp\/v2\/pages\/145\/revisions\/487"}],"wp:attachment":[{"href":"https:\/\/thorsten-rottmann.de\/index.php?rest_route=%2Fwp%2Fv2%2Fmedia&parent=145"}],"curies":[{"name":"wp","href":"https:\/\/api.w.org\/{rel}","templated":true}]}}