{"id":120,"date":"2020-07-12T13:17:07","date_gmt":"2020-07-12T13:17:07","guid":{"rendered":"http:\/\/thorsten-rottmann.de\/?page_id=120"},"modified":"2021-09-14T17:21:46","modified_gmt":"2021-09-14T17:21:46","slug":"ueber-mich","status":"publish","type":"page","link":"https:\/\/thorsten-rottmann.de\/?page_id=120","title":{"rendered":"About"},"content":{"rendered":"\n<p class=\"has-text-align-center\">Thorsten Rottmann arbeitete zun\u00e4chst viele Jahre als Polizeivollzugsbeamter in Nordrhein-Westfalen. Nach seinem Abitur auf dem Zweiten Bildungsweg im Jahre 1994, studierte er zwischen 1994 und 2000 Geschichte, Anglistik, Psychologie und Soziologie an der Christian-Albrechts-Universit\u00e4t zu Kiel. W\u00e4hrend dieser Zeit entwickelte sich seine Leidenschaft f\u00fcr den Reisejournalismus, die ihn seither st\u00e4ndig begleitet. Nach dem Abschluss seines Studium war er viele Jahre im Bildungsbereich im In- und Ausland t\u00e4tig, unter anderem als Lehrer, Dozent und Autor. Er reduzierte und entschleunigte sein Leben, das seit langer Zeit eng mit dem Meer verbunden ist. Er ist seither oft in seinem alten Reisemobil unterwegs und lebt heute das, was in seinen Texten und Fotografien zum Ausdruck kommt.<\/p>\n\n\n\n<p class=\"has-text-align-center\">Er ist der Gegenentwurf eines Wohnmobil-Influencers. Statt sich mit Social Media, Blogs und Hashtags zu besch\u00e4ftigen, zieht er es vor, selbst f\u00fcr seine Buch- und Reiseprojekte in seinem alten Reisemobil unterwegs zu sein oder seinen fahrbaren Weggef\u00e4hrten in Schuss zu halten. Follower trifft er lieber live und pers\u00f6nlich auf seinen Veranstaltungen, Lesungen und Coachings.<\/p>\n","protected":false},"excerpt":{"rendered":"<p>Thorsten Rottmann arbeitete zun\u00e4chst viele Jahre als Polizeivollzugsbeamter in Nordrhein-Westfalen. Nach seinem Abitur auf dem Zweiten Bildungsweg im Jahre 1994, studierte er zwischen 1994 und 2000 Geschichte, Anglistik, Psychologie und Soziologie an der Christian-Albrechts-Universit\u00e4t zu Kiel. W\u00e4hrend dieser Zeit entwickelte sich seine Leidenschaft f\u00fcr den Reisejournalismus, die ihn seither st\u00e4ndig begleitet. Nach dem Abschluss seines [&hellip;]<\/p>\n","protected":false},"author":1,"featured_media":0,"parent":0,"menu_order":0,"comment_status":"closed","ping_status":"closed","template":"","meta":{"hide_page_title":"","footnotes":""},"class_list":["post-120","page","type-page","status-publish","hentry"],"_links":{"self":[{"href":"https:\/\/thorsten-rottmann.de\/index.php?rest_route=\/wp\/v2\/pages\/120","targetHints":{"allow":["GET"]}}],"collection":[{"href":"https:\/\/thorsten-rottmann.de\/index.php?rest_route=\/wp\/v2\/pages"}],"about":[{"href":"https:\/\/thorsten-rottmann.de\/index.php?rest_route=\/wp\/v2\/types\/page"}],"author":[{"embeddable":true,"href":"https:\/\/thorsten-rottmann.de\/index.php?rest_route=\/wp\/v2\/users\/1"}],"replies":[{"embeddable":true,"href":"https:\/\/thorsten-rottmann.de\/index.php?rest_route=%2Fwp%2Fv2%2Fcomments&post=120"}],"version-history":[{"count":22,"href":"https:\/\/thorsten-rottmann.de\/index.php?rest_route=\/wp\/v2\/pages\/120\/revisions"}],"predecessor-version":[{"id":447,"href":"https:\/\/thorsten-rottmann.de\/index.php?rest_route=\/wp\/v2\/pages\/120\/revisions\/447"}],"wp:attachment":[{"href":"https:\/\/thorsten-rottmann.de\/index.php?rest_route=%2Fwp%2Fv2%2Fmedia&parent=120"}],"curies":[{"name":"wp","href":"https:\/\/api.w.org\/{rel}","templated":true}]}}